{"id":1360,"date":"2021-12-20T21:21:59","date_gmt":"2021-12-20T21:21:59","guid":{"rendered":"http:\/\/d3system.dk\/produktkategorier\/"},"modified":"2024-06-03T11:30:17","modified_gmt":"2024-06-03T11:30:17","slug":"produktkategorier","status":"publish","type":"page","link":"https:\/\/d3system.dk\/sv\/produktkategorier\/","title":{"rendered":"Produktkategorier"},"content":{"rendered":"\n<div class=\"wp-block-media-text is-stacked-on-mobile alignwide animated fadeIn slow has-huge-margin-bottom\" id=\"Miljoteknologi\"><figure class=\"wp-block-media-text__media\"><img loading=\"lazy\" decoding=\"async\" width=\"800\" height=\"550\" src=\"https:\/\/d3system.dk\/wp-content\/uploads\/2020\/06\/Afvanding-slam-3.jpg\" alt=\"\" class=\"wp-image-1041 size-full\" srcset=\"https:\/\/d3system.dk\/wp-content\/uploads\/2020\/06\/Afvanding-slam-3.jpg 800w, https:\/\/d3system.dk\/wp-content\/uploads\/2020\/06\/Afvanding-slam-3-300x206.jpg 300w, https:\/\/d3system.dk\/wp-content\/uploads\/2020\/06\/Afvanding-slam-3-768x528.jpg 768w\" sizes=\"auto, (max-width: 800px) 100vw, 800px\" \/><\/figure><div class=\"wp-block-media-text__content\">\n<h2 class=\"wp-block-heading has-text-color\" style=\"color:#0a2b7e\"><strong>Milj\u00f6teknologi<\/strong><\/h2>\n\n\n\n<p>D3 System arbetar med olika processer till ytbehandling och tekniker f\u00f6r rening och \u00e5tervinning av vatten samt l\u00f6sningsmedel. Vi har m\u00e5nga \u00e5rs erfarenhet som probleml\u00f6sare f\u00f6r industrin, och vi ser till att de milj\u00f6m\u00e4ssiga konsekvenserna minimeras.<\/p>\n\n\n\n<p>Vi producerar tv\u00e5 typer av flockningsanl\u00e4ggningar. Den ena anl\u00e4ggningen arbetar uteslutande med vattenburna produkter. Den andra typen arbetar med alla typer av f\u00e4rger; l\u00f6sningsmedel, epoxy, vatten och liknande.<\/p>\n\n\n\n<p>Vi f\u00f6rhandlar destillatorer f\u00f6r \u00e5tervinning av l\u00f6sningsmedel, som bl.a. \u00e4r anv\u00e4nt till tv\u00e4tt av sprutpistoler och m\u00e5lningsdysor etc.<\/p>\n\n\n\n<div class=\"wp-block-buttons is-layout-flex wp-block-buttons-is-layout-flex\">\n<div class=\"wp-block-button is-style-shadow\"><a class=\"wp-block-button__link has-light-green-cyan-to-vivid-green-cyan-gradient-background has-background wp-element-button\" href=\"https:\/\/d3system.dk\/sv\/produkt\/draenering-av-slam\/\" rel=\"#\">Dr\u00e4nering av slam<\/a><\/div>\n\n\n\n<div class=\"wp-block-button is-style-shadow\"><a class=\"wp-block-button__link has-light-green-cyan-to-vivid-green-cyan-gradient-background has-background wp-element-button\" href=\"http:\/\/d3system.dk\/produkt\/flokeringsanlaeg\/\" rel=\"#\">Flockningsanl\u00e4ggningar<\/a><\/div>\n\n\n\n<div class=\"wp-block-button is-style-shadow\"><a class=\"wp-block-button__link has-light-green-cyan-to-vivid-green-cyan-gradient-background has-background wp-element-button\" href=\"https:\/\/d3system.dk\/sv\/produkt\/kontinuerligt-arbetande-slamsystem\/\" rel=\"#\">Slamsystem<\/a><\/div>\n\n\n\n<div class=\"wp-block-button is-style-shadow\"><a class=\"wp-block-button__link has-light-green-cyan-to-vivid-green-cyan-gradient-background has-background wp-element-button\" href=\"https:\/\/d3system.dk\/sv\/produkt\/destilleringsanlaeggning\/\" rel=\"#\">Destilleringsanl\u00e4ggningar<\/a><\/div>\n<\/div>\n<\/div><\/div>\n\n\n\n<div class=\"wp-block-media-text has-media-on-the-right is-stacked-on-mobile alignwide animated fadeIn slower has-huge-margin-bottom\" id=\"procesoptimering\"><div class=\"wp-block-media-text__content\">\n<h2 class=\"wp-block-heading has-text-color\" style=\"color:#0a2b7e\"><strong>Processoptimering<\/strong><\/h2>\n\n\n\n<p>F\u00f6r att f\u00e5 st\u00f6rst utbyte av sin m\u00e5lningsprocess, \u00e4r det viktigt med en optimal l\u00f6sning. Vi har m\u00e5nga \u00e5rs erfarenhet av projektering och ombyggnad av utrustning f\u00f6r ytbehandlingsanl\u00e4ggningar. Vi kan erbjuda Know How inom ytbehandling i s\u00e5v\u00e4l manuella som automatiserade m\u00e5lningsanl\u00e4ggningar.<\/p>\n\n\n\n<p>Vatten och luft \u00e4r viktiga element i m\u00e5nga m\u00e5lningsanl\u00e4ggningar. Det kan vara dyrt att inte ha kontroll p\u00e5 vattenf\u00f6rbrukning och luftcirkulation. Vi kan hj\u00e4lpa till att optimera b\u00e5da delarna.<\/p>\n\n\n\n<p>Ring och f\u00e5 ett samtal med oss om vad vi kan g\u00f6ra f\u00f6r dig p\u00e5 tlf. +45 44 53 47 53. +45 4453 4753.<\/p>\n\n\n\n<div class=\"wp-block-buttons is-layout-flex wp-block-buttons-is-layout-flex\">\n<div class=\"wp-block-button is-style-shadow\"><a class=\"wp-block-button__link has-light-green-cyan-to-vivid-green-cyan-gradient-background has-background wp-element-button\" href=\"https:\/\/d3system.dk\/sv\/produkt\/foerbehandling\/\" rel=\"#\">F\u00f6rbehandling<\/a><\/div>\n\n\n\n<div class=\"wp-block-button is-style-shadow\"><a class=\"wp-block-button__link has-light-green-cyan-to-vivid-green-cyan-gradient-background has-background wp-element-button\" href=\"https:\/\/d3system.dk\/sv\/produkt\/lackeringsprocess\/\" rel=\"#\">Lackeringsprocess<\/a><\/div>\n\n\n\n<div class=\"wp-block-button is-style-shadow\"><a class=\"wp-block-button__link has-light-green-cyan-to-vivid-green-cyan-gradient-background has-background wp-element-button\" href=\"https:\/\/d3system.dk\/sv\/produkt\/ombyggnad-av-anlaeggning\/\" rel=\"#\">Ombyggnation<\/a><\/div>\n\n\n\n<div class=\"wp-block-button is-style-shadow\"><a class=\"wp-block-button__link has-light-green-cyan-to-vivid-green-cyan-gradient-background has-background wp-element-button\" href=\"https:\/\/d3system.dk\/sv\/produkt\/optimering-av-vattenfloede-i-vaata-maalningskabiner\/\" rel=\"#\">Optimering av vattenfl\u00f6de<\/a><\/div>\n<\/div>\n<\/div><figure class=\"wp-block-media-text__media\"><img loading=\"lazy\" decoding=\"async\" width=\"800\" height=\"550\" src=\"https:\/\/d3system.dk\/wp-content\/uploads\/2021\/08\/9.-Procesopt-lakerering-Ci-filter-spr\u00f8jtebox.jpg\" alt=\"\" class=\"wp-image-979 size-full\" srcset=\"https:\/\/d3system.dk\/wp-content\/uploads\/2021\/08\/9.-Procesopt-lakerering-Ci-filter-spr\u00f8jtebox.jpg 800w, https:\/\/d3system.dk\/wp-content\/uploads\/2021\/08\/9.-Procesopt-lakerering-Ci-filter-spr\u00f8jtebox-300x206.jpg 300w, https:\/\/d3system.dk\/wp-content\/uploads\/2021\/08\/9.-Procesopt-lakerering-Ci-filter-spr\u00f8jtebox-768x528.jpg 768w\" sizes=\"auto, (max-width: 800px) 100vw, 800px\" \/><\/figure><\/div>\n\n\n\n<div class=\"wp-block-media-text is-stacked-on-mobile alignwide animated fadeIn fast has-huge-margin-bottom\" id=\"forbrugsprodukter\"><figure class=\"wp-block-media-text__media\"><img loading=\"lazy\" decoding=\"async\" width=\"800\" height=\"550\" src=\"https:\/\/d3system.dk\/wp-content\/uploads\/2021\/08\/16.-Forbrugspr-filtre-CI-filter.jpg\" alt=\"\" class=\"wp-image-969 size-full\" srcset=\"https:\/\/d3system.dk\/wp-content\/uploads\/2021\/08\/16.-Forbrugspr-filtre-CI-filter.jpg 800w, https:\/\/d3system.dk\/wp-content\/uploads\/2021\/08\/16.-Forbrugspr-filtre-CI-filter-300x206.jpg 300w, https:\/\/d3system.dk\/wp-content\/uploads\/2021\/08\/16.-Forbrugspr-filtre-CI-filter-768x528.jpg 768w\" sizes=\"auto, (max-width: 800px) 100vw, 800px\" \/><\/figure><div class=\"wp-block-media-text__content\">\n<h2 class=\"wp-block-heading has-text-color\" style=\"color:#0a2b7e\"><strong>F\u00f6rbrukningsprodukter<\/strong><\/h2>\n\n\n\n<p>D3 System kan leverera alla former av f\u00f6rbrukningsprodukter till m\u00e5lnings och lackeringsanl\u00e4ggningar. Inklusive bl.a. industrikemikalier relaterade till ytbehandling, industrifilter f\u00f6r rening av cirkulerad luft fr\u00e5n processer eller produktionslokaler samt medel f\u00f6r strippning\/reng\u00f6ring av bl.a. upph\u00e4ngningskrokar.<\/p>\n\n\n\n<p>\u00d6nskar du s\u00e4kerhetsdatablad till n\u00e5gra av v\u00e5ra kemiprodukter, \u00e4r du mycket v\u00e4lkommen att kontakta oss p\u00e5 E-mail: <a href=\"mailto:mail@d3system.dk\">mail@d3system.dk<\/a><\/p>\n\n\n\n<div class=\"wp-block-buttons is-layout-flex wp-block-buttons-is-layout-flex\">\n<div class=\"wp-block-button is-style-shadow\"><a class=\"wp-block-button__link has-light-green-cyan-to-vivid-green-cyan-gradient-background has-background wp-element-button\" href=\"https:\/\/d3system.dk\/sv\/produkt\/industrikemikalier\/\" rel=\"#\">Industrikemikalier<\/a><\/div>\n\n\n\n<div class=\"wp-block-button is-style-shadow\"><a class=\"wp-block-button__link has-light-green-cyan-to-vivid-green-cyan-gradient-background has-background wp-element-button\" href=\"https:\/\/d3system.dk\/sv\/produkt\/avfettning\/\" rel=\"#\">Avfettning<\/a><\/div>\n\n\n\n<div class=\"wp-block-button is-style-shadow\"><a class=\"wp-block-button__link has-light-green-cyan-to-vivid-green-cyan-gradient-background has-background wp-element-button\" href=\"https:\/\/d3system.dk\/sv\/produkt\/stripp-avlcakering\/\" rel=\"#\">Stripp\/avlackering<\/a><\/div>\n\n\n\n<div class=\"wp-block-button is-style-shadow\"><a class=\"wp-block-button__link has-light-green-cyan-to-vivid-green-cyan-gradient-background has-background wp-element-button\" href=\"https:\/\/d3system.dk\/sv\/produkt\/filter\/\" rel=\"#\">Filter<\/a><\/div>\n<\/div>\n<\/div><\/div>\n\n\n\n<div class=\"wp-block-media-text has-media-on-the-right is-stacked-on-mobile alignwide animated fadeIn fast has-huge-margin-bottom\" id=\"service\"><div class=\"wp-block-media-text__content\">\n<h2 class=\"wp-block-heading has-text-color\" style=\"color:#0a2b7e\"><strong>Service<\/strong><\/h2>\n\n\n\n<p>F\u00f6r att f\u00e5 det b\u00e4sta m\u00e5lningsresultatet \u00e4r det viktigt, att allt fungerar som det skall i anl\u00e4ggningen. Det \u00e4r dyrt med ett produktionsstopp, och det \u00e4r d\u00e4rf\u00f6r viktigt att serva sin anl\u00e4ggning regelbundet.<\/p>\n\n\n\n<p>Vi har servat m\u00e5nga anl\u00e4ggningar och vet, vad vi skall titta p\u00e5 och ev. byta ut slitdelar f\u00f6r att undg\u00e5 dyra produktionstopp. Vi vill samtidigt ge goda r\u00e5d f\u00f6r optimering av anl\u00e4ggningen, reng\u00f6ring och andra n\u00f6dv\u00e4ndiga och l\u00f6nsamma initiativ.<\/p>\n\n\n\n<p>Vi har ett t\u00e4tt samarbete med b+m surface systems GmbH tekniker f\u00f6r service, programmering och troubleshooting p\u00e5 deras m\u00e5lningsrobotar.<\/p>\n\n\n\n<div class=\"wp-block-buttons is-layout-flex wp-block-buttons-is-layout-flex\">\n<div class=\"wp-block-button is-style-shadow\"><a class=\"wp-block-button__link has-light-green-cyan-to-vivid-green-cyan-gradient-background has-background wp-element-button\" href=\"https:\/\/d3system.dk\/sv\/produkt\/maalningsanlaeggning\/\" rel=\"#\">M\u00e5lningsanl\u00e4ggningar<\/a><\/div>\n\n\n\n<div class=\"wp-block-button is-style-shadow\"><a class=\"wp-block-button__link has-light-green-cyan-to-vivid-green-cyan-gradient-background has-background wp-element-button\" href=\"https:\/\/d3system.dk\/sv\/produkt\/applisceringsutrustning\/\" rel=\"#\">Appliceringsutrustning<\/a><\/div>\n\n\n\n<div class=\"wp-block-button is-style-shadow\"><a class=\"wp-block-button__link has-light-green-cyan-to-vivid-green-cyan-gradient-background has-background wp-element-button\" href=\"http:\/\/d3system.dk\/produkt\/bm-malerebot\/\" rel=\"#\">M\u00e5lningsrobotar<\/a><\/div>\n\n\n\n<div class=\"wp-block-button is-style-shadow\"><a class=\"wp-block-button__link has-light-green-cyan-to-vivid-green-cyan-gradient-background has-background wp-element-button\" href=\"https:\/\/d3system.dk\/sv\/produkt\/reservdelar\/\" rel=\"#\">Reservdelar<\/a><\/div>\n<\/div>\n<\/div><figure class=\"wp-block-media-text__media\"><img loading=\"lazy\" decoding=\"async\" width=\"800\" height=\"550\" src=\"https:\/\/d3system.dk\/wp-content\/uploads\/2020\/06\/New-Project-2.jpg\" alt=\"\" class=\"wp-image-1062 size-full\" srcset=\"https:\/\/d3system.dk\/wp-content\/uploads\/2020\/06\/New-Project-2.jpg 800w, https:\/\/d3system.dk\/wp-content\/uploads\/2020\/06\/New-Project-2-300x206.jpg 300w, https:\/\/d3system.dk\/wp-content\/uploads\/2020\/06\/New-Project-2-768x528.jpg 768w\" sizes=\"auto, (max-width: 800px) 100vw, 800px\" \/><\/figure><\/div>\n","protected":false},"excerpt":{"rendered":"","protected":false},"author":1,"featured_media":0,"parent":0,"menu_order":0,"comment_status":"closed","ping_status":"closed","template":"","meta":{"_coblocks_attr":"","_coblocks_dimensions":"","_coblocks_responsive_height":"","_coblocks_accordion_ie_support":"","_uag_custom_page_level_css":"","footnotes":""},"class_list":["post-1360","page","type-page","status-publish"],"uagb_featured_image_src":{"full":false,"thumbnail":false,"medium":false,"medium_large":false,"large":false,"1536x1536":false,"2048x2048":false},"uagb_author_info":{"display_name":"helgipetersen","author_link":"https:\/\/d3system.dk\/sv\/author\/helgipetersen\/"},"uagb_comment_info":0,"uagb_excerpt":null,"_links":{"self":[{"href":"https:\/\/d3system.dk\/sv\/wp-json\/wp\/v2\/pages\/1360","targetHints":{"allow":["GET"]}}],"collection":[{"href":"https:\/\/d3system.dk\/sv\/wp-json\/wp\/v2\/pages"}],"about":[{"href":"https:\/\/d3system.dk\/sv\/wp-json\/wp\/v2\/types\/page"}],"author":[{"embeddable":true,"href":"https:\/\/d3system.dk\/sv\/wp-json\/wp\/v2\/users\/1"}],"replies":[{"embeddable":true,"href":"https:\/\/d3system.dk\/sv\/wp-json\/wp\/v2\/comments?post=1360"}],"version-history":[{"count":5,"href":"https:\/\/d3system.dk\/sv\/wp-json\/wp\/v2\/pages\/1360\/revisions"}],"predecessor-version":[{"id":1725,"href":"https:\/\/d3system.dk\/sv\/wp-json\/wp\/v2\/pages\/1360\/revisions\/1725"}],"wp:attachment":[{"href":"https:\/\/d3system.dk\/sv\/wp-json\/wp\/v2\/media?parent=1360"}],"curies":[{"name":"wp","href":"https:\/\/api.w.org\/{rel}","templated":true}]}}