{"id":1356,"date":"2021-12-20T21:11:06","date_gmt":"2021-12-20T21:11:06","guid":{"rendered":"http:\/\/d3system.dk\/om-oss\/"},"modified":"2021-12-20T21:11:08","modified_gmt":"2021-12-20T21:11:08","slug":"om-oss","status":"publish","type":"page","link":"https:\/\/d3system.dk\/sv\/om-oss\/","title":{"rendered":"Om oss"},"content":{"rendered":"<div class=\"gb-container gb-container-13c82e8c\"><div class=\"gb-inside-container\">\n\n<h1 class=\"gb-headline gb-headline-74f8ca1f gb-headline-text\"><strong>Om oss<\/strong><\/h1>\n\n\n\n<figure class=\"wp-block-video\"><video width=\"640\" height=\"360\" autoplay=\"\" controls=\"\" muted=\"\" src=\"http:\/\/d3system.dk\/wp-content\/uploads\/2021\/12\/Moelven-Saffle.mp4\"><\/video><\/figure>\n<\/div><\/div><div class=\"gb-container gb-container-e5f68e4d\"><div class=\"gb-inside-container\">\n<div class=\"gb-grid-wrapper gb-grid-wrapper-b65c8b23\">\n<div class=\"gb-grid-column gb-grid-column-194bc3b6\"><div class=\"gb-container gb-container-194bc3b6\"><div class=\"gb-inside-container\">\n\n<p><strong>D3 System<\/strong> \u00e4r ett bra val f\u00f6r verksamheter som p\u00e5 ett milj\u00f6m\u00e4ssigt bra s\u00e4tt vill bli av med sitt m\u00e5leriavfall, samtidigt som man spar pengar.<\/p>\n\n\n\n<p>Vi vill g\u00e4rna var det naturliga valet f\u00f6r alla produktionsverksamheter i Europa, som arbetar med ytbehandling.<\/p>\n\n\n\n<p>Vi \u00e4r d\u00e4rf\u00f6r representerade med kontor i Danmark (Herlev), Sverige (Kristinehamn, G\u00f6teborg), Tyskland (Stuttgart) samt f\u00f6rhandlare i Norge.<\/p>\n\n\n\n<p>Vi har ett brett produktsortiment, som kan m\u00f6tesg\u00e5 varje behov, som din verksamet kan ha.<\/p>\n\n<\/div><\/div><\/div>\n\n<div class=\"gb-grid-column gb-grid-column-e009e432\"><div class=\"gb-container gb-container-e009e432\"><div class=\"gb-inside-container\">\n\n<p>D3 System kan leverera i produkter f\u00f6r vatten-\/slambehandling och flockering f\u00f6r bl.a. fullautomatiska lackerings-\/pulveranl\u00e4ggningar. Vi har ett n\u00e4ra samarbete med den svenska firman Greiff Industrimilj\u00f6 AB.<\/p>\n\n\n\n<p>Vi f\u00f6rhandlar bl.a. milj\u00f6produkter fr\u00e5n f\u00f6retaget Zeller+Gmelin, och vi \u00e4r alltid uppdaterade med de nya produkter p\u00e5 marknaden.<\/p>\n\n\n\n<p>Vi s\u00e4ljer \/ servar robotar och appliceringsutrustning fr\u00e5n b + m surface systems GmbH. Tysk kvalitet och grundlighet n\u00e4r du inte vill kompromissa.<\/p>\n\n\n\n<p>Vi f\u00f6rhandlar \u00e4ven destillatorer fr\u00e5n det italienska f\u00f6retaget IST \u2013 Italia Sistemi Technologici. Vi projekterar och levererar kompletta aggregat f\u00f6r destillering av l\u00f6sningsmedel, d\u00e4r man \u00f6nskar \u00e5teranv\u00e4nda l\u00f6sningsmedlen.<\/p>\n\n<\/div><\/div><\/div>\n<\/div>\n\n\n<div class=\"wp-block-image\"><figure class=\"aligncenter size-large\"><img decoding=\"async\" src=\"http:\/\/d3system.dk\/wp-content\/uploads\/2020\/06\/logo-400-e1632497039114.png\" alt=\"\"\/><\/figure><\/div>\n\n<\/div><\/div><div class=\"gb-container gb-container-1dff850b\"><div class=\"gb-inside-container\">\n\n<h2 class=\"gb-headline gb-headline-c898d081 gb-headline-text\"><\/h2>\n\n\n<div class=\"gb-grid-wrapper gb-grid-wrapper-b6a78f2d\">\n<div class=\"gb-grid-column gb-grid-column-fe972de3\"><div class=\"gb-container gb-container-fe972de3\"><div class=\"gb-inside-container\"><\/div><\/div><\/div>\n\n<div class=\"gb-grid-column gb-grid-column-7aea9bad\"><div class=\"gb-container gb-container-7aea9bad\"><div class=\"gb-inside-container\"><\/div><\/div><\/div>\n\n<div class=\"gb-grid-column gb-grid-column-0559d728\"><div class=\"gb-container gb-container-0559d728\"><div class=\"gb-inside-container\"><\/div><\/div><\/div>\n\n<div class=\"gb-grid-column gb-grid-column-82d6cba8\"><div class=\"gb-container gb-container-82d6cba8\"><div class=\"gb-inside-container\"><\/div><\/div><\/div>\n<\/div>\n\n\n<h2 class=\"gb-headline gb-headline-03633574 gb-headline-text\">M\u00e5ls\u00e4ttning<\/h2>\n\n\n\n<div class=\"wp-block-columns is-layout-flex wp-container-core-columns-is-layout-1 wp-block-columns-is-layout-flex\">\n<div class=\"wp-block-column is-layout-flow wp-block-column-is-layout-flow\">\n<ul class=\"wp-block-list\"><li>V\u00e5ra l\u00f6sningar skall skapa v\u00e4rdetillv\u00e4xt hos v\u00e5ra kunder, samtidigt som at milj\u00f6n belastas minst m\u00f6jligt.<\/li><\/ul><\/div>\n\n\n\n<div class=\"wp-block-column is-layout-flow wp-block-column-is-layout-flow\">\n<ul class=\"wp-block-list\"><li>Genom n\u00e4ra samarbete med v\u00e5ra leverant\u00f6rer\/samarbetspartners utveckla nya produkter och l\u00f6sningar.<\/li><\/ul><\/div>\n<\/div>\n\n<\/div><\/div>\n<hr class=\"wp-block-separator has-text-color has-background is-style-wide\" style=\"background-color:#ffffff;color:#ffffff\"\/>\n<div class=\"gb-container gb-container-ae1d7321\"><div class=\"gb-inside-container\">\n\n<h2 class=\"gb-headline gb-headline-ae72b273 gb-headline-text\">V\u00e5ra k\u00e4rnv\u00e4rden<\/h2>\n\n\n<div class=\"gb-grid-wrapper gb-grid-wrapper-6e185991\">\n<div class=\"gb-grid-column gb-grid-column-568c4ac6\"><div class=\"gb-container gb-container-568c4ac6\"><div class=\"gb-inside-container\"><\/div><\/div><\/div>\n\n<div class=\"gb-grid-column gb-grid-column-c8ea4e19\"><div class=\"gb-container gb-container-c8ea4e19\"><div class=\"gb-inside-container\"><\/div><\/div><\/div>\n\n<div class=\"gb-grid-column gb-grid-column-78eeccf7\"><div class=\"gb-container gb-container-78eeccf7\"><div class=\"gb-inside-container\">\n\n<ul class=\"wp-block-list\"><li>D3 System \u00e4r milj\u00f6medvetet.<\/li><li>D3 System har kemi av h\u00f6g kvalitet till din anl\u00e4ggning.<\/li><\/ul>\n<\/div><\/div><\/div>\n\n<div class=\"gb-grid-column gb-grid-column-a08719af\"><div class=\"gb-container gb-container-a08719af\"><div class=\"gb-inside-container\">\n\n<ul class=\"wp-block-list\"><li>D3 System s\u00e4krar att avfallsprodukter kan avl\u00e4gsnas p\u00e5 ansvarsfullt s\u00e4tt.<\/li><li>D3 System vill alltid s\u00e4kra den h\u00f6gsta kvaliten p\u00e5 produkter och service.<\/li><\/ul>\n<\/div><\/div><\/div>\n<\/div>\n\n\n<div class=\"wp-block-columns is-layout-flex wp-container-core-columns-is-layout-2 wp-block-columns-is-layout-flex\">\n<div class=\"wp-block-column is-layout-flow wp-block-column-is-layout-flow\"><\/div>\n\n\n\n<div class=\"wp-block-column is-layout-flow wp-block-column-is-layout-flow\"><\/div>\n<\/div>\n\n<\/div><\/div>\n<hr class=\"wp-block-separator has-text-color has-background is-style-wide\" style=\"background-color:#ffffff;color:#ffffff\"\/>\n","protected":false},"excerpt":{"rendered":"<p>Om oss M\u00e5ls\u00e4ttning V\u00e5ra l\u00f6sningar skall skapa v\u00e4rdetillv\u00e4xt hos v\u00e5ra kunder, samtidigt som at milj\u00f6n belastas minst m\u00f6jligt. Genom n\u00e4ra samarbete med v\u00e5ra leverant\u00f6rer\/samarbetspartners utveckla nya produkter och l\u00f6sningar. V\u00e5ra k\u00e4rnv\u00e4rden<\/p>\n","protected":false},"author":1,"featured_media":0,"parent":0,"menu_order":0,"comment_status":"closed","ping_status":"closed","template":"","meta":{"_coblocks_attr":"","_coblocks_dimensions":"","_coblocks_responsive_height":"","_coblocks_accordion_ie_support":"","_uag_custom_page_level_css":"","footnotes":""},"class_list":["post-1356","page","type-page","status-publish"],"uagb_featured_image_src":{"full":false,"thumbnail":false,"medium":false,"medium_large":false,"large":false,"1536x1536":false,"2048x2048":false},"uagb_author_info":{"display_name":"helgipetersen","author_link":"https:\/\/d3system.dk\/sv\/author\/helgipetersen\/"},"uagb_comment_info":0,"uagb_excerpt":"Om oss M\u00e5ls\u00e4ttning V\u00e5ra l\u00f6sningar skall skapa v\u00e4rdetillv\u00e4xt hos v\u00e5ra kunder, samtidigt som at milj\u00f6n belastas minst m\u00f6jligt. Genom n\u00e4ra samarbete med v\u00e5ra leverant\u00f6rer\/samarbetspartners utveckla nya produkter och l\u00f6sningar. V\u00e5ra k\u00e4rnv\u00e4rden","_links":{"self":[{"href":"https:\/\/d3system.dk\/sv\/wp-json\/wp\/v2\/pages\/1356","targetHints":{"allow":["GET"]}}],"collection":[{"href":"https:\/\/d3system.dk\/sv\/wp-json\/wp\/v2\/pages"}],"about":[{"href":"https:\/\/d3system.dk\/sv\/wp-json\/wp\/v2\/types\/page"}],"author":[{"embeddable":true,"href":"https:\/\/d3system.dk\/sv\/wp-json\/wp\/v2\/users\/1"}],"replies":[{"embeddable":true,"href":"https:\/\/d3system.dk\/sv\/wp-json\/wp\/v2\/comments?post=1356"}],"version-history":[{"count":3,"href":"https:\/\/d3system.dk\/sv\/wp-json\/wp\/v2\/pages\/1356\/revisions"}],"predecessor-version":[{"id":1359,"href":"https:\/\/d3system.dk\/sv\/wp-json\/wp\/v2\/pages\/1356\/revisions\/1359"}],"wp:attachment":[{"href":"https:\/\/d3system.dk\/sv\/wp-json\/wp\/v2\/media?parent=1356"}],"curies":[{"name":"wp","href":"https:\/\/api.w.org\/{rel}","templated":true}]}}