{"id":1352,"date":"2021-12-20T21:04:50","date_gmt":"2021-12-20T21:04:50","guid":{"rendered":"http:\/\/d3system.dk\/kontakt\/"},"modified":"2024-06-03T09:35:04","modified_gmt":"2024-06-03T09:35:04","slug":"kontakt","status":"publish","type":"page","link":"https:\/\/d3system.dk\/sv\/kontakt\/","title":{"rendered":"Kontakt"},"content":{"rendered":"<section class=\"gb-container gb-container-9c24ce28\"><div class=\"gb-inside-container\">\n<div class=\"gb-grid-wrapper gb-grid-wrapper-e442a6f2\">\n<div class=\"gb-grid-column gb-grid-column-8f40a334\"><div class=\"gb-container gb-container-8f40a334\"><div class=\"gb-inside-container\">\n\n<h2 class=\"gb-headline gb-headline-bdee4755 gb-headline-text\"><strong>Kontakt D3 System<\/strong><\/h2>\n\n\n\n<p class=\"has-text-align-center\"><\/p>\n\n<\/div><\/div><\/div>\n<\/div>\n<\/div><\/section>\n<div style=\"height:10px\" aria-hidden=\"true\" class=\"wp-block-spacer\"><\/div>\n<div class=\"gb-container gb-container-69aaa18e\"><div class=\"gb-inside-container\">\n\n<h3 class=\"gb-headline gb-headline-d5ec1930 gb-headline-text\"><strong>D3 System team<\/strong><\/h3>\n\n\n\n<p class=\"has-text-align-center\">H\u00e4r \u00e4r det m\u00f6jligtatt v\u00e4nda sej direkt till \u00f6nskad person. <br\/> Se nedanf\u00f6r, vem du kan kontakta inom det aktuella omr\u00e5det.<\/p>\n\n<\/div><\/div>\n<p class=\"has-text-align-center\">Utanf\u00f6r normal arbetstid kan vi kontaktes p\u00e5 telefon +45 4073 2181, Hans Henrik Moldow.<\/p>\n<div class=\"gb-container gb-container-edb39dce\"><div class=\"gb-inside-container\">\n<div class=\"gb-grid-wrapper gb-grid-wrapper-b51aaf48\">\n<div class=\"gb-grid-column gb-grid-column-6c3b0879\"><div class=\"gb-container gb-container-6c3b0879\"><div class=\"gb-inside-container\">\n\n<div class=\"wp-block-uagb-team uagb-team__image-position-left uagb-team__align-center uagb-team__stack-tablet uagb-block-f95deb55\"><img decoding=\"async\" class=\"uagb-team__image-crop-circle\" src=\"https:\/\/d3system.dk\/wp-content\/uploads\/2021\/08\/Hans-Henrik-SH_4699.jpg\" alt=\"\" height=\"180\" width=\"180\" loading=\"lazy\"\/><div class=\"uagb-team__content\"><h3 class=\"uagb-team__title\">Hans Henrik Moldow<\/h3><span class=\"uagb-team__prefix\"><em>Direkt\u00f6r \u2013 S\u00e4lj\/Teknik-DK-NO<\/em><\/span><p class=\"uagb-team__desc\">Mobil: +45 4073 2181<br\/>Telefon: +45 4453 4753<br\/>E-mail: hhm@d3system.dk<\/p><\/div><\/div>\n\n\n\n<div class=\"wp-block-uagb-team uagb-team__image-position-left uagb-team__align-center uagb-team__stack-tablet uagb-block-dedf60cc\"><img decoding=\"async\" class=\"uagb-team__image-crop-circle\" src=\"https:\/\/d3system.dk\/wp-content\/uploads\/2021\/08\/Anette-SH_4638.jpg\" alt=\"\" height=\"180\" width=\"180\" loading=\"lazy\"\/><div class=\"uagb-team__content\"><h3 class=\"uagb-team__title\">Anette Lading Wilche<\/h3><span class=\"uagb-team__prefix\"><em>Ekonomi<\/em><\/span><p class=\"uagb-team__desc\">Mobil: +45 4050 4093<br\/>Telefon: +45 4453 4753<br\/>E-mail: alw@d3system.dk<\/p><\/div><\/div>\n\n\n\n<div class=\"wp-block-uagb-team uagb-team__image-position-left uagb-team__align-center uagb-team__stack-tablet uagb-block-6759f93b\"><img decoding=\"async\" class=\"uagb-team__image-crop-circle\" src=\"https:\/\/d3system.dk\/wp-content\/uploads\/2021\/08\/Lars-SH_4680.jpg\" alt=\"\" height=\"180\" width=\"180\" loading=\"lazy\"\/><div class=\"uagb-team__content\"><h3 class=\"uagb-team__title\">Lars Andersson<\/h3><span class=\"uagb-team__prefix\"><em>S\u00e4lj\/Teknik-SE<\/em><\/span><p class=\"uagb-team__desc\">Mobil: +46 72 141 2670<br\/>Telefon: +45 4453 4753<br\/>E-mail: la@d3system.se<\/p><\/div><\/div>\n\n<\/div><\/div><\/div>\n\n<div class=\"gb-grid-column gb-grid-column-899b30ec\"><div class=\"gb-container gb-container-899b30ec\"><div class=\"gb-inside-container\">\n\n<div class=\"wp-block-uagb-team uagb-team__image-position-left uagb-team__align-center uagb-team__stack-tablet uagb-block-3e99f356\"><img decoding=\"async\" class=\"uagb-team__image-crop-circle\" src=\"https:\/\/d3system.dk\/wp-content\/uploads\/2021\/08\/Charlotte-SH_4661.jpg\" alt=\"\" height=\"180\" width=\"180\" loading=\"lazy\"\/><div class=\"uagb-team__content\"><h3 class=\"uagb-team__title\">Charlotte Jensen<\/h3><span class=\"uagb-team__prefix\"><em>Ink\u00f6p \u2013 S\u00e4lj\/Teknik<\/em><\/span><p class=\"uagb-team__desc\">Mobil: +45 2499 4753<br\/>Telefon: +45 4453 4753<br\/>E-mail: cj@d3system.dk<\/p><\/div><\/div>\n\n\n\n<div class=\"wp-block-uagb-team uagb-team__image-position-left uagb-team__align-center uagb-team__stack-tablet uagb-block-9b703923\"><img decoding=\"async\" class=\"uagb-team__image-crop-circle\" src=\"https:\/\/d3system.dk\/wp-content\/uploads\/2021\/08\/Eber-SH_4672.jpg\" alt=\"\" height=\"180\" width=\"180\" loading=\"lazy\"\/><div class=\"uagb-team__content\"><h3 class=\"uagb-team__title\">Eber Maxstad<\/h3><span class=\"uagb-team__prefix\"><em>S\u00e4lj\/Teknik-SE-NO<\/em><\/span><p class=\"uagb-team__desc\">Mobil: +46 70 216 8886<br\/>Telefon: +45 4453 4753<br\/>E-mail: em@d3system.se<\/p><\/div><\/div>\n\n<\/div><\/div><\/div>\n<\/div>\n<\/div><\/div>\n<a id=\"Find_os_her!\"><h3 class=\"has-text-align-center\"><strong>Hitta oss h\u00e4r!<\/strong><\/h3><\/a>\n\n<div id=\"kort\" class=\"wp-block-group\"><div class=\"wp-block-group__inner-container is-layout-flow wp-block-group-is-layout-flow\">\n<div style=\"text-align:center;\"><iframe src=\"https:\/\/www.google.com\/maps\/embed?pb=!1m18!1m12!1m3!1d2247.4616468351587!2d12.427263315606169!3d55.715729002318625!2m3!1f0!2f0!3f0!3m2!1i1024!2i768!4f13.1!3m3!1m2!1s0x46525053d1d1512d%3A0xfbd2a1bb834dfbaf!2sD3%20System%20A%2FS!5e0!3m2!1sen!2sdk!4v1631734067371!5m2!1sen!2sdk\" width=\"850\" height=\"450\" style=\"border:0;\" allowfullscreen=\"\" loading=\"lazy\"><\/iframe><\/div>\n<\/div><\/div>\n\n<div style=\"height:20px\" aria-hidden=\"true\" class=\"wp-block-spacer\"><\/div>\n","protected":false},"excerpt":{"rendered":"<p>D3 System team H\u00e4r \u00e4r det m\u00f6jligtatt v\u00e4nda sej direkt till \u00f6nskad person. Se nedanf\u00f6r, vem du kan kontakta inom det aktuella omr\u00e5det. Utanf\u00f6r normal arbetstid kan vi kontaktes p\u00e5 telefon +45 4073 2181, Hans Henrik Moldow. Hitta oss h\u00e4r!<\/p>\n","protected":false},"author":1,"featured_media":0,"parent":0,"menu_order":0,"comment_status":"closed","ping_status":"closed","template":"","meta":{"_coblocks_attr":"","_coblocks_dimensions":"","_coblocks_responsive_height":"","_coblocks_accordion_ie_support":"","_uag_custom_page_level_css":"","footnotes":""},"class_list":["post-1352","page","type-page","status-publish"],"uagb_featured_image_src":{"full":false,"thumbnail":false,"medium":false,"medium_large":false,"large":false,"1536x1536":false,"2048x2048":false},"uagb_author_info":{"display_name":"helgipetersen","author_link":"https:\/\/d3system.dk\/sv\/author\/helgipetersen\/"},"uagb_comment_info":0,"uagb_excerpt":"D3 System team H\u00e4r \u00e4r det m\u00f6jligtatt v\u00e4nda sej direkt till \u00f6nskad person. Se nedanf\u00f6r, vem du kan kontakta inom det aktuella omr\u00e5det. Utanf\u00f6r normal arbetstid kan vi kontaktes p\u00e5 telefon +45 4073 2181, Hans Henrik Moldow. Hitta oss h\u00e4r!","_links":{"self":[{"href":"https:\/\/d3system.dk\/sv\/wp-json\/wp\/v2\/pages\/1352","targetHints":{"allow":["GET"]}}],"collection":[{"href":"https:\/\/d3system.dk\/sv\/wp-json\/wp\/v2\/pages"}],"about":[{"href":"https:\/\/d3system.dk\/sv\/wp-json\/wp\/v2\/types\/page"}],"author":[{"embeddable":true,"href":"https:\/\/d3system.dk\/sv\/wp-json\/wp\/v2\/users\/1"}],"replies":[{"embeddable":true,"href":"https:\/\/d3system.dk\/sv\/wp-json\/wp\/v2\/comments?post=1352"}],"version-history":[{"count":10,"href":"https:\/\/d3system.dk\/sv\/wp-json\/wp\/v2\/pages\/1352\/revisions"}],"predecessor-version":[{"id":1715,"href":"https:\/\/d3system.dk\/sv\/wp-json\/wp\/v2\/pages\/1352\/revisions\/1715"}],"wp:attachment":[{"href":"https:\/\/d3system.dk\/sv\/wp-json\/wp\/v2\/media?parent=1352"}],"curies":[{"name":"wp","href":"https:\/\/api.w.org\/{rel}","templated":true}]}}