{"id":1348,"date":"2021-12-20T20:59:55","date_gmt":"2021-12-20T20:59:55","guid":{"rendered":"http:\/\/d3system.dk\/startsida\/"},"modified":"2024-06-03T09:43:46","modified_gmt":"2024-06-03T09:43:46","slug":"startsida","status":"publish","type":"page","link":"https:\/\/d3system.dk\/sv\/","title":{"rendered":"Startsida"},"content":{"rendered":"\n<div class=\"wp-block-cover alignfull is-position-center-center animated fadeIn\" style=\"min-height:300px;aspect-ratio:unset;\"><span aria-hidden=\"true\" class=\"has-background-dim-0 wp-block-cover__gradient-background has-background-dim\"><\/span><img loading=\"lazy\" decoding=\"async\" width=\"2080\" height=\"800\" class=\"wp-block-cover__image-background wp-image-1179\" alt=\"\" src=\"https:\/\/d3system.dk\/wp-content\/uploads\/2020\/06\/slide-bg.jpg\" data-object-fit=\"cover\" srcset=\"https:\/\/d3system.dk\/wp-content\/uploads\/2020\/06\/slide-bg.jpg 2080w, https:\/\/d3system.dk\/wp-content\/uploads\/2020\/06\/slide-bg-300x115.jpg 300w, https:\/\/d3system.dk\/wp-content\/uploads\/2020\/06\/slide-bg-1024x394.jpg 1024w, https:\/\/d3system.dk\/wp-content\/uploads\/2020\/06\/slide-bg-768x295.jpg 768w, https:\/\/d3system.dk\/wp-content\/uploads\/2020\/06\/slide-bg-1536x591.jpg 1536w, https:\/\/d3system.dk\/wp-content\/uploads\/2020\/06\/slide-bg-2048x788.jpg 2048w\" sizes=\"auto, (max-width: 2080px) 100vw, 2080px\" \/><div class=\"wp-block-cover__inner-container is-layout-flow wp-block-cover-is-layout-flow\">\n\n<h2 class=\"has-text-align-center has-huge-font-size wp-block-heading\" id=\"d3-system-nar-du-ogsa-taenker-pa-miljoet\"><strong>D3 System n\u00e4r du ocks\u00e5<br\/>t\u00e4nkar p\u00e5 milj\u00f6et<\/strong><\/h2>\n\n<\/div><\/div>\n\n\n\n<hr class=\"wp-block-separator has-css-opacity is-style-dots\"\/>\n\n\n\n<div class=\"wp-block-coblocks-row coblocks-row-5920949 has-large-margin-top has-small-margin-bottom\" data-columns=\"1\" data-layout=\"100\"><div class=\"has-large-margin-top has-small-margin-bottom wp-block-coblocks-row__inner has-no-padding has-no-margin is-stacked-on-mobile has-medium-gutter\">\n<div class=\"wp-block-coblocks-column coblocks-column-592095638\" style=\"width:100%\"><div class=\"wp-block-coblocks-column__inner has-no-padding has-no-margin\">\n<h1 class=\"wp-block-heading has-text-align-center\" id=\"velkommen\"><strong>V\u00e4lkommen<\/strong><\/h1>\n\n\n\n<figure class=\"wp-block-video\"><video autoplay controls muted src=\"https:\/\/d3system.dk\/wp-content\/uploads\/2021\/12\/Ballingslov-slamanlaeg.m4v\"><\/video><\/figure>\n\n\n\n<p class=\"has-text-align-center\" style=\"font-size:17px\">D3 System \u00e4r en handels-och ingenj\u00f6rsverksamhet med ett dynamiskt team, som tillsammans har m\u00e5nga \u00e5rs erfarenhet inom slamhantering, projektering och ombyggnad av utrustning f\u00f6r ytbehandlingsanl\u00e4ggningar. V\u00e5r m\u00e5ls\u00e4ttning \u00e4r alltid att leverera den mest kompetenta r\u00e5dgivning och optimala l\u00f6sning till kunden inom ytbehandling, i s\u00e5v\u00e4l manuella som automatiserade anl\u00e4ggningar.<\/p>\n\n\n\n<p><\/p>\n<\/div><\/div>\n<\/div><\/div>\n\n\n\n<h2 class=\"wp-block-heading has-text-align-center has-custom-letterspacing\" id=\"produktkategorier\" style=\"letter-spacing:0.7px;font-size:39px\">Produktkategori<\/h2>\n\n\n\n<div class=\"wp-block-coblocks-row coblocks-row-5305424144 forside-kategorier\" data-columns=\"4\" data-layout=\"25-25-25-25\"><div class=\"forside-kategorier wp-block-coblocks-row__inner has-no-padding has-no-margin is-stacked-on-mobile has-medium-gutter\">\n<div class=\"wp-block-coblocks-column is-vertically-aligned-top coblocks-column-5305425703 b-r-10 dot-bg\" style=\"width:24.50%\"><div class=\"wp-block-coblocks-column__inner has-padding has-huge-padding has-no-margin\">\n<h3 class=\"wp-block-heading\" id=\"miljoteknologi\"><strong><a href=\"https:\/\/d3system.dk\/sv\/produktkategorier\/#miljoteknologi\">Milj\u00f6teknologi<\/a><\/strong><\/h3>\n\n\n\n<ul class=\"wp-block-list\">\n<li><a href=\"https:\/\/d3system.dk\/sv\/produkt\/draenering-av-slam\/\">&#8211; Dr\u00e4nering av slam<\/a><\/li>\n\n\n\n<li><a href=\"https:\/\/d3system.dk\/sv\/produkt\/flockeringsanlaeggning\/\"><span style=\"font-size: inherit; background-color: initial; font-family: -apple-system, system-ui, BlinkMacSystemFont, \" segoe=\"\" ui=\"\" helvetica=\"\" arial=\"\" sans-serif=\"\" color=\"\" emoji=\"\" symbol=\"\">&#8211; Flockningsanl\u00e4ggningar<\/span><\/a><\/li>\n\n\n\n<li><a href=\"https:\/\/d3system.dk\/sv\/produkt\/kontinuerligt-arbetande-slamsystem\/\">&#8211; Slamsystem<\/a><\/li>\n\n\n\n<li><a href=\"https:\/\/d3system.dk\/sv\/produkt\/destilleringsanlaeggning\/\">&#8211; Destilleringsanl\u00e4ggning<\/a><\/li>\n<\/ul>\n<\/div><\/div>\n\n\n\n<div class=\"wp-block-coblocks-column is-vertically-aligned-top coblocks-column-5305425749 b-r-10 dot-bg\" style=\"width:24.04%\"><div class=\"wp-block-coblocks-column__inner has-padding has-huge-padding has-no-margin\">\n<h3 class=\"wp-block-heading has-text-color\" id=\"procesoptimering\" style=\"color:#0071a1\"><strong><a href=\"https:\/\/d3system.dk\/sv\/produktkategorier\/#procesoptimering\">Processoptimere<\/a><\/strong><\/h3>\n\n\n\n<ul class=\"wp-block-list\">\n<li><a href=\"https:\/\/d3system.dk\/sv\/produkt\/foerbehandling\/\">&#8211; F\u00f6rbehandling<\/a><\/li>\n\n\n\n<li><a href=\"https:\/\/d3system.dk\/sv\/produkt\/lackeringsprocess\/\">&#8211; Lackeringsprocess<\/a><\/li>\n\n\n\n<li><a href=\"https:\/\/d3system.dk\/sv\/produkt\/ombyggnad-av-anlaeggning\/\">&#8211; Ombyggnation<\/a><\/li>\n\n\n\n<li><a href=\"https:\/\/d3system.dk\/sv\/produkt\/optimering-av-vattenfloede-i-vaata-maalningskabiner\/\">&#8211; Vattenfl\u00f6de<\/a><\/li>\n<\/ul>\n<\/div><\/div>\n\n\n\n<div class=\"wp-block-coblocks-column is-vertically-aligned-top coblocks-column-5305425753 b-r-10 dot-bg\" style=\"width:25.42%\"><div class=\"wp-block-coblocks-column__inner has-padding has-huge-padding has-no-margin\">\n<h3 class=\"wp-block-heading\" id=\"forbrugsprodukter\"><strong><a href=\"https:\/\/d3system.dk\/sv\/produktkategorier\/#forbrugsprodukter\">F\u00f6rbrukning<\/a><\/strong><\/h3>\n\n\n\n<ul class=\"wp-block-list\">\n<li><a href=\"https:\/\/d3system.dk\/sv\/produkt\/industrikemikalier\/\">&#8211; Industrikemikalier<\/a><\/li>\n\n\n\n<li><a href=\"https:\/\/d3system.dk\/sv\/produkt\/avfettning\/\">&#8211; Avfettning<\/a><\/li>\n\n\n\n<li><a href=\"https:\/\/d3system.dk\/sv\/produkt\/stripp-avlcakering\/\">&#8211; Stripp\/avlackering<\/a><\/li>\n\n\n\n<li><a href=\"https:\/\/d3system.dk\/sv\/produkt\/filter\/\">&#8211; Filter<\/a><\/li>\n<\/ul>\n<\/div><\/div>\n\n\n\n<div class=\"wp-block-coblocks-column is-vertically-aligned-top coblocks-column-5305425757 b-r-10 dot-bg\" style=\"width:26.04%\"><div class=\"wp-block-coblocks-column__inner has-padding has-huge-padding has-no-margin\">\n<h3 class=\"wp-block-heading\" id=\"service\"><strong><a href=\"https:\/\/d3system.dk\/sv\/produktkategorier\/#service\">Service<\/a><\/strong><\/h3>\n\n\n\n<ul class=\"wp-block-list\">\n<li><a href=\"https:\/\/d3system.dk\/sv\/produkt\/maalningsanlaeggning\/\">&#8211; M\u00e5lningsanl\u00e4ggningar<\/a><\/li>\n\n\n\n<li><a href=\"https:\/\/d3system.dk\/sv\/produkt\/applisceringsutrustning\/\">&#8211; Appliceringsutrustning<\/a><\/li>\n\n\n\n<li><a href=\"https:\/\/d3system.dk\/sv\/produkt\/maalningsrobot\/\">&#8211; M\u00e5lningsrobot<\/a><\/li>\n\n\n\n<li><a href=\"https:\/\/d3system.dk\/sv\/produkt\/reservdelar\/\">&#8211; Reservdelar<\/a><\/li>\n<\/ul>\n<\/div><\/div>\n<\/div><\/div>\n\n\n\n<hr class=\"wp-block-separator has-text-color has-white-color has-css-opacity has-white-background-color has-background\"\/>\n\n\n\n<div class=\"wp-block-coblocks-row alignfull coblocks-row-552337938\" data-columns=\"1\" data-layout=\"100\"><div class=\"wp-block-coblocks-row__inner has-no-padding has-no-margin is-stacked-on-mobile are-vertically-aligned-center has-medium-gutter\">\n<div class=\"wp-block-coblocks-column has-text-align-center is-vertically-aligned-center coblocks-column-55233710822\" style=\"color:#313b79;width:100%\"><div class=\"wp-block-coblocks-column__inner has-cyan-bluish-gray-background-color has-background has-text-color has-padding has-margin has-huge-padding has-small-margin\" style=\"color:#313b79\">\n<h3 class=\"wp-block-heading has-text-align-center font-no-p animated fadeInRight\" id=\"vores-losninger-sikrer-at-miljoet-bliver-belastet-mindst-muligt-samtidig-med-at-din-virksomhed-sparer-penge\" style=\"font-size:30px\">V\u00e5ra l\u00f6sningar s\u00e4krar att milj\u00f6n blir belastad minst m\u00f6jligt,<br>samtidigt som din verksamhet spar pengar.<\/h3>\n<\/div><\/div>\n<\/div><\/div>\n\n\n<div class=\"gb-container gb-container-7d9dce28 forside-ikon-sektion\"><div class=\"gb-inside-container\">\n<div class=\"gb-grid-wrapper gb-grid-wrapper-603152ee animated fadeInUp\">\n<div class=\"gb-grid-column gb-grid-column-0648f6ff\"><div class=\"gb-container gb-container-0648f6ff\"><div class=\"gb-inside-container\">\n<div class=\"wp-block-image\">\n<figure class=\"aligncenter size-medium is-resized\"><img loading=\"lazy\" decoding=\"async\" width=\"400\" height=\"400\" src=\"http:\/\/d3system.dk\/wp-content\/uploads\/2020\/06\/crop-0-0-400-400-0-ikon_1.png\" alt=\"\" class=\"wp-image-1193\" style=\"width:80px;height:80px\" srcset=\"https:\/\/d3system.dk\/wp-content\/uploads\/2020\/06\/crop-0-0-400-400-0-ikon_1.png 400w, https:\/\/d3system.dk\/wp-content\/uploads\/2020\/06\/crop-0-0-400-400-0-ikon_1-300x300.png 300w, https:\/\/d3system.dk\/wp-content\/uploads\/2020\/06\/crop-0-0-400-400-0-ikon_1-150x150.png 150w\" sizes=\"auto, (max-width: 400px) 100vw, 400px\" \/><\/figure><\/div>\n\n\n<p class=\"has-text-align-center has-black-color has-text-color\">\u00c5teranv\u00e4nd ditt vatten<\/p>\n\n<\/div><\/div><\/div>\n\n<div class=\"gb-grid-column gb-grid-column-48b13703\"><div class=\"gb-container gb-container-48b13703\"><div class=\"gb-inside-container\">\n<div class=\"wp-block-image\">\n<figure class=\"aligncenter size-large is-resized\"><img loading=\"lazy\" decoding=\"async\" width=\"400\" height=\"400\" src=\"https:\/\/d3system.dk\/wp-content\/uploads\/2020\/06\/ikon_2.png\" alt=\"\" class=\"wp-image-1195\" style=\"width:80px;height:80px\" srcset=\"https:\/\/d3system.dk\/wp-content\/uploads\/2020\/06\/ikon_2.png 400w, https:\/\/d3system.dk\/wp-content\/uploads\/2020\/06\/ikon_2-300x300.png 300w, https:\/\/d3system.dk\/wp-content\/uploads\/2020\/06\/ikon_2-150x150.png 150w\" sizes=\"auto, (max-width: 400px) 100vw, 400px\" \/><\/figure><\/div>\n\n\n<p class=\"has-text-align-center has-black-color has-text-color\">Slammet \u00e4r guldet<\/p>\n\n<\/div><\/div><\/div>\n\n<div class=\"gb-grid-column gb-grid-column-4d3e43d2\"><div class=\"gb-container gb-container-4d3e43d2\"><div class=\"gb-inside-container\">\n<div class=\"wp-block-image\">\n<figure class=\"aligncenter size-large is-resized\"><img loading=\"lazy\" decoding=\"async\" width=\"802\" height=\"802\" src=\"https:\/\/d3system.dk\/wp-content\/uploads\/2020\/06\/ikon_3.png\" alt=\"\" class=\"wp-image-1197\" style=\"width:80px;height:80px\" srcset=\"https:\/\/d3system.dk\/wp-content\/uploads\/2020\/06\/ikon_3.png 802w, https:\/\/d3system.dk\/wp-content\/uploads\/2020\/06\/ikon_3-300x300.png 300w, https:\/\/d3system.dk\/wp-content\/uploads\/2020\/06\/ikon_3-150x150.png 150w, https:\/\/d3system.dk\/wp-content\/uploads\/2020\/06\/ikon_3-768x768.png 768w\" sizes=\"auto, (max-width: 802px) 100vw, 802px\" \/><\/figure><\/div>\n\n\n<p class=\"has-text-align-center has-black-color has-text-color\">Vi tar hand om milj\u00f6n<\/p>\n\n<\/div><\/div><\/div>\n\n<div class=\"gb-grid-column gb-grid-column-8fb80a8a\"><div class=\"gb-container gb-container-8fb80a8a\"><div class=\"gb-inside-container\">\n<div class=\"wp-block-image\">\n<figure class=\"aligncenter size-large is-resized\"><img loading=\"lazy\" decoding=\"async\" width=\"400\" height=\"400\" src=\"https:\/\/d3system.dk\/wp-content\/uploads\/2020\/06\/ikon_4.png\" alt=\"\" class=\"wp-image-1199\" style=\"width:80px;height:80px\" srcset=\"https:\/\/d3system.dk\/wp-content\/uploads\/2020\/06\/ikon_4.png 400w, https:\/\/d3system.dk\/wp-content\/uploads\/2020\/06\/ikon_4-300x300.png 300w, https:\/\/d3system.dk\/wp-content\/uploads\/2020\/06\/ikon_4-150x150.png 150w\" sizes=\"auto, (max-width: 400px) 100vw, 400px\" \/><\/figure><\/div>\n\n\n<p class=\"has-text-align-center has-black-color has-text-color\">Vi har l\u00f6sningen, du spar pengar<\/p>\n\n<\/div><\/div><\/div>\n<\/div>\n<\/div><\/div>\n\n\n<p><\/p>\n","protected":false},"excerpt":{"rendered":"<p>Produktkategori<\/p>\n","protected":false},"author":1,"featured_media":0,"parent":0,"menu_order":0,"comment_status":"closed","ping_status":"closed","template":"","meta":{"_coblocks_attr":"","_coblocks_dimensions":"","_coblocks_responsive_height":"","_coblocks_accordion_ie_support":"","_uag_custom_page_level_css":"","footnotes":""},"class_list":["post-1348","page","type-page","status-publish"],"uagb_featured_image_src":{"full":false,"thumbnail":false,"medium":false,"medium_large":false,"large":false,"1536x1536":false,"2048x2048":false},"uagb_author_info":{"display_name":"helgipetersen","author_link":"https:\/\/d3system.dk\/sv\/author\/helgipetersen\/"},"uagb_comment_info":0,"uagb_excerpt":"Produktkategori","_links":{"self":[{"href":"https:\/\/d3system.dk\/sv\/wp-json\/wp\/v2\/pages\/1348","targetHints":{"allow":["GET"]}}],"collection":[{"href":"https:\/\/d3system.dk\/sv\/wp-json\/wp\/v2\/pages"}],"about":[{"href":"https:\/\/d3system.dk\/sv\/wp-json\/wp\/v2\/types\/page"}],"author":[{"embeddable":true,"href":"https:\/\/d3system.dk\/sv\/wp-json\/wp\/v2\/users\/1"}],"replies":[{"embeddable":true,"href":"https:\/\/d3system.dk\/sv\/wp-json\/wp\/v2\/comments?post=1348"}],"version-history":[{"count":29,"href":"https:\/\/d3system.dk\/sv\/wp-json\/wp\/v2\/pages\/1348\/revisions"}],"predecessor-version":[{"id":1719,"href":"https:\/\/d3system.dk\/sv\/wp-json\/wp\/v2\/pages\/1348\/revisions\/1719"}],"wp:attachment":[{"href":"https:\/\/d3system.dk\/sv\/wp-json\/wp\/v2\/media?parent=1348"}],"curies":[{"name":"wp","href":"https:\/\/api.w.org\/{rel}","templated":true}]}}